

{"id":767,"date":"2013-02-02T19:01:30","date_gmt":"2013-02-02T17:01:30","guid":{"rendered":"http:\/\/www.suristan.net\/?page_id=767"},"modified":"2013-02-02T19:04:04","modified_gmt":"2013-02-02T17:04:04","slug":"guzel-gunler","status":"publish","type":"page","link":"https:\/\/suristan.net\/?page_id=767","title":{"rendered":"G\u00dcZEL G\u00dcNLER"},"content":{"rendered":"<p><strong>G\u00fczel g\u00fcnler arama sak\u0131n bu yerlerde\u00a0<\/strong><br \/>\n<strong>B\u00fct\u00fcn g\u00fczellikler sana vadedilen yerde.\u00a0<\/strong><\/p>\n<p><strong>Mutluluk\u00a0arama sak\u0131n bu yery\u00fcz\u00fcnde\u00a0<\/strong><br \/>\n<strong>Ger\u00e7ek\u00a0mutluluk\u00a0sana vadetti\u011fi m\u00fclk\u00fcnde.\u00a0<\/strong><\/p>\n<p><strong>Dost arama sak\u0131n \u00e7evrende\u00a0<\/strong><br \/>\n<strong>O varken O\u2019na ihanet etme.\u00a0<\/strong><\/p>\n<p><strong>Allah ile her \u015fey g\u00fczel\u00a0<\/strong><br \/>\n<strong>Allahs\u0131za her \u015fey \u00e7irkin\u00a0<\/strong><br \/>\n<strong>\u00dczerinde var daim bir el\u00a0<\/strong><br \/>\n<strong>O\u2019na dayan kainatta her \u015fey senin.<br \/>\n<\/strong><\/p>\n<hr \/>\n<blockquote><p><em>Hayrani (Abdullah \u00d6zt\u00fcrk)<\/em><\/p>\n<p><em>17\/12\/2010 Cuma<\/em><\/p><\/blockquote>\n","protected":false},"excerpt":{"rendered":"<p>G\u00fczel g\u00fcnler arama sak\u0131n bu yerlerde\u00a0 B\u00fct\u00fcn g\u00fczellikler sana vadedilen yerde.\u00a0 Mutluluk\u00a0arama sak\u0131n bu yery\u00fcz\u00fcnde\u00a0 Ger\u00e7ek\u00a0mutluluk\u00a0sana vadetti\u011fi m\u00fclk\u00fcnde.\u00a0 Dost arama sak\u0131n \u00e7evrende\u00a0 O varken O\u2019na ihanet etme.\u00a0 Allah ile her \u015fey g\u00fczel\u00a0 Allahs\u0131za her \u015fey \u00e7irkin\u00a0 \u00dczerinde var daim bir el\u00a0 O\u2019na dayan kainatta her \u015fey senin. Hayrani (Abdullah \u00d6zt\u00fcrk) 17\/12\/2010 Cuma<\/p>\n","protected":false},"author":1,"featured_media":0,"parent":191,"menu_order":0,"comment_status":"open","ping_status":"closed","template":"template-rightsidebar.php","meta":{"footnotes":""},"class_list":["post-767","page","type-page","status-publish","hentry"],"_links":{"self":[{"href":"https:\/\/suristan.net\/index.php?rest_route=\/wp\/v2\/pages\/767","targetHints":{"allow":["GET"]}}],"collection":[{"href":"https:\/\/suristan.net\/index.php?rest_route=\/wp\/v2\/pages"}],"about":[{"href":"https:\/\/suristan.net\/index.php?rest_route=\/wp\/v2\/types\/page"}],"author":[{"embeddable":true,"href":"https:\/\/suristan.net\/index.php?rest_route=\/wp\/v2\/users\/1"}],"replies":[{"embeddable":true,"href":"https:\/\/suristan.net\/index.php?rest_route=%2Fwp%2Fv2%2Fcomments&post=767"}],"version-history":[{"count":5,"href":"https:\/\/suristan.net\/index.php?rest_route=\/wp\/v2\/pages\/767\/revisions"}],"predecessor-version":[{"id":774,"href":"https:\/\/suristan.net\/index.php?rest_route=\/wp\/v2\/pages\/767\/revisions\/774"}],"up":[{"embeddable":true,"href":"https:\/\/suristan.net\/index.php?rest_route=\/wp\/v2\/pages\/191"}],"wp:attachment":[{"href":"https:\/\/suristan.net\/index.php?rest_route=%2Fwp%2Fv2%2Fmedia&parent=767"}],"curies":[{"name":"wp","href":"https:\/\/api.w.org\/{rel}","templated":true}]}}