

{"id":7,"date":"2012-11-18T13:44:48","date_gmt":"2012-11-18T11:44:48","guid":{"rendered":"http:\/\/www.suristan.net\/?page_id=7"},"modified":"2023-12-08T06:14:50","modified_gmt":"2023-12-08T03:14:50","slug":"anasayfa","status":"publish","type":"page","link":"https:\/\/suristan.net\/","title":{"rendered":"ANASAYFA"},"content":{"rendered":"<table border=\"0\" width=\"590\">\n<tbody>\n<tr>\n<td width=\"300\">\n<h4><span style=\"color: #993300;\">Art\u0131k akl\u0131n\u0131za tak\u0131lan f\u0131khi meseleleri SORU-CEVAP sayfam\u0131zdan bize sorarak g\u00fcvenilir kaynaklardan cevaplar\u0131n\u0131 bulabilirsiniz.<\/span><\/h4>\n<h4><span style=\"color: #993300;\">soru sormak i\u00e7in t\u0131klay\u0131n&#8230;<\/span><\/h4>\n<\/td>\n<td><a class='th_button churchope_button' href='http:\/\/www.suristan.net\/?page_id=15'   ><span>SORU SOR&#8230; <\/span><\/a><\/td>\n<\/tr>\n<\/tbody>\n<\/table>\n<table border=\"0\" width=\"590\">\n<tbody>\n<tr>\n<td><a href=\"http:\/\/www.suristan.net\/?page_id=112\" class=\"teaser_box\"><img decoding=\"async\" src=\"http:\/\/www.suristan.net\/wp-content\/uploads\/2012\/12\/resim_0008_huccet2.png\" alt=\"HUCCET\"><span class=\"teaser_title\"><span class=\"teaser_title_inner\">HUCCET<\/span><span class=\"teaser_more\">Okuyun&#8230;<\/span><\/span><\/a><\/td>\n<td><a href=\"http:\/\/www.suristan.net\/?page_id=129\" class=\"teaser_box\"><img decoding=\"async\" src=\"http:\/\/www.suristan.net\/wp-content\/uploads\/2012\/12\/resim_0005_hulasa2.png\" alt=\"HULASA\"><span class=\"teaser_title\"><span class=\"teaser_title_inner\">HULASA<\/span><span class=\"teaser_more\">Okuyun&#8230;<\/span><\/span><\/a><\/td>\n<td><a href=\"http:\/\/www.suristan.net\/?page_id=135\" class=\"teaser_box\"><img decoding=\"async\" src=\"http:\/\/www.suristan.net\/wp-content\/uploads\/2012\/12\/resim_0004_kebir.png\" alt=\"FIKHU&#039;L KEB\u0130R\"><span class=\"teaser_title\"><span class=\"teaser_title_inner\">FIKHU&#8217;L KEB\u0130R<\/span><span class=\"teaser_more\">Okuyun&#8230;<\/span><\/span><\/a><\/td>\n<\/tr>\n<tr>\n<td><a href=\"http:\/\/www.suristan.net\/?page_id=141\" class=\"teaser_box\"><img decoding=\"async\" src=\"http:\/\/www.suristan.net\/wp-content\/uploads\/2012\/12\/resim_0000_evsat.png\" alt=\"FIKHU&#039;L EVSAT\"><span class=\"teaser_title\"><span class=\"teaser_title_inner\">FIKHU&#8217;L EVSAT<\/span><span class=\"teaser_more\">Okuyun&#8230;<\/span><\/span><\/a><\/td>\n<td><a href=\"http:\/\/www.suristan.net\/?page_id=144\" class=\"teaser_box\"><img decoding=\"async\" src=\"http:\/\/www.suristan.net\/wp-content\/uploads\/2012\/12\/resim_0003_asgar.png\" alt=\"FIKHU&#039;L ASGAR\"><span class=\"teaser_title\"><span class=\"teaser_title_inner\">FIKHU&#8217;L ASGAR<\/span><span class=\"teaser_more\">Okuyun&#8230;<\/span><\/span><\/a><\/td>\n<td><a href=\"http:\/\/www.suristan.net\/?page_id=148\" class=\"teaser_box\"><img decoding=\"async\" src=\"http:\/\/www.suristan.net\/wp-content\/uploads\/2012\/12\/resim_0002_hiris.png\" alt=\"HIR\u0130ST\u0130YANLARA MEKTUPLAR\"><span class=\"teaser_title\"><span class=\"teaser_title_inner\">HIR\u0130ST\u0130YANLARA MEKTUPLAR<\/span><span class=\"teaser_more\">Okuyun&#8230;<\/span><\/span><\/a><\/td>\n<\/tr>\n<tr>\n<td><a href=\"http:\/\/www.suristan.net\/?page_id=153\" class=\"teaser_box\"><img decoding=\"async\" src=\"http:\/\/www.suristan.net\/wp-content\/uploads\/2012\/12\/resim_0001_yol.png\" alt=\"YOL\"><span class=\"teaser_title\"><span class=\"teaser_title_inner\">YOL<\/span><span class=\"teaser_more\">Okuyun&#8230;<\/span><\/span><\/a><\/td>\n<td>\u00a0<a href=\"http:\/\/www.suristan.net\/?page_id=175\" class=\"teaser_box\"><img decoding=\"async\" src=\"http:\/\/www.hioksuz.com\/bir_sahis_bir_olay.png\" alt=\"B\u0130R \u015eAHIS B\u0130R OLAY\"><span class=\"teaser_title\"><span class=\"teaser_title_inner\">B\u0130R \u015eAHIS B\u0130R OLAY<\/span><span class=\"teaser_more\">Okuyun&#8230;<\/span><\/span><\/a><\/td>\n<td>\u00a0<a href=\"http:\/\/www.suristan.net\/?page_id=170\" class=\"teaser_box\"><img decoding=\"async\" src=\"http:\/\/www.suristan.net\/wp-content\/uploads\/2012\/12\/cevher-150x150.png\" alt=\"CEVHER, \u0130NC\u0130 VE ALTIN\"><span class=\"teaser_title\"><span class=\"teaser_title_inner\">CEVHER, \u0130NC\u0130 VE ALTIN<\/span><span class=\"teaser_more\">Okuyun&#8230;<\/span><\/span><\/a><\/td>\n<\/tr>\n<tr>\n<td><\/td>\n<td>\u00a0<a href=\"http:\/\/www.suristan.net\/?page_id=901\" class=\"teaser_box\"><img decoding=\"async\" src=\"http:\/\/www.suristan.net\/wp-content\/uploads\/2015\/02\/Suristan-150x150.png\" alt=\"SUR\u0130STAN\"><span class=\"teaser_title\"><span class=\"teaser_title_inner\">SUR\u0130STAN<\/span><span class=\"teaser_more\">Okuyun&#8230;<\/span><\/span><\/a><\/td>\n<td><\/td>\n<\/tr>\n<\/tbody>\n<\/table>\n<p>&nbsp;<\/p>\n","protected":false},"excerpt":{"rendered":"<p>Art\u0131k akl\u0131n\u0131za tak\u0131lan f\u0131khi meseleleri SORU-CEVAP sayfam\u0131zdan bize sorarak g\u00fcvenilir kaynaklardan cevaplar\u0131n\u0131 bulabilirsiniz. soru sormak i\u00e7in t\u0131klay\u0131n&#8230; \u00a0 \u00a0 \u00a0 &nbsp;<\/p>\n","protected":false},"author":1,"featured_media":0,"parent":0,"menu_order":0,"comment_status":"closed","ping_status":"open","template":"template-rightsidebar.php","meta":{"footnotes":""},"class_list":["post-7","page","type-page","status-publish","hentry"],"_links":{"self":[{"href":"https:\/\/suristan.net\/index.php?rest_route=\/wp\/v2\/pages\/7","targetHints":{"allow":["GET"]}}],"collection":[{"href":"https:\/\/suristan.net\/index.php?rest_route=\/wp\/v2\/pages"}],"about":[{"href":"https:\/\/suristan.net\/index.php?rest_route=\/wp\/v2\/types\/page"}],"author":[{"embeddable":true,"href":"https:\/\/suristan.net\/index.php?rest_route=\/wp\/v2\/users\/1"}],"replies":[{"embeddable":true,"href":"https:\/\/suristan.net\/index.php?rest_route=%2Fwp%2Fv2%2Fcomments&post=7"}],"version-history":[{"count":43,"href":"https:\/\/suristan.net\/index.php?rest_route=\/wp\/v2\/pages\/7\/revisions"}],"predecessor-version":[{"id":5731,"href":"https:\/\/suristan.net\/index.php?rest_route=\/wp\/v2\/pages\/7\/revisions\/5731"}],"wp:attachment":[{"href":"https:\/\/suristan.net\/index.php?rest_route=%2Fwp%2Fv2%2Fmedia&parent=7"}],"curies":[{"name":"wp","href":"https:\/\/api.w.org\/{rel}","templated":true}]}}