

{"id":413,"date":"2012-12-03T15:03:42","date_gmt":"2012-12-03T13:03:42","guid":{"rendered":"http:\/\/www.suristan.net\/?page_id=413"},"modified":"2012-12-03T15:04:17","modified_gmt":"2012-12-03T13:04:17","slug":"413-2","status":"publish","type":"page","link":"https:\/\/suristan.net\/?page_id=413","title":{"rendered":"KANDIRAMAZSIN"},"content":{"rendered":"<p><strong>B\u0131rak bu hikayeleri bana yutturamazs\u0131n<\/strong><\/p>\n<p><strong>\u00d6l\u00fcm kar\u015f\u0131mda duruyor kand\u0131ramazs\u0131n<\/strong><\/p>\n<p><strong>Varsa bir \u00e7are sende g\u00f6ster bana<\/strong><\/p>\n<p><strong>Rabbime gidiyorum \u00e7ekil \u00f6n\u00fcmden cayd\u0131ramazs\u0131n.<\/strong><\/p>\n<hr \/>\n<blockquote><p><em>Hayrani (Abdullah \u00d6zt\u00fcrk)<\/em><\/p>\n<p><em>09\/12\/2011 Cuma<\/em><\/p><\/blockquote>\n","protected":false},"excerpt":{"rendered":"<p>B\u0131rak bu hikayeleri bana yutturamazs\u0131n \u00d6l\u00fcm kar\u015f\u0131mda duruyor kand\u0131ramazs\u0131n Varsa bir \u00e7are sende g\u00f6ster bana Rabbime gidiyorum \u00e7ekil \u00f6n\u00fcmden cayd\u0131ramazs\u0131n. Hayrani (Abdullah \u00d6zt\u00fcrk) 09\/12\/2011 Cuma<\/p>\n","protected":false},"author":1,"featured_media":0,"parent":191,"menu_order":0,"comment_status":"open","ping_status":"open","template":"template-rightsidebar.php","meta":{"footnotes":""},"class_list":["post-413","page","type-page","status-publish","hentry"],"_links":{"self":[{"href":"https:\/\/suristan.net\/index.php?rest_route=\/wp\/v2\/pages\/413","targetHints":{"allow":["GET"]}}],"collection":[{"href":"https:\/\/suristan.net\/index.php?rest_route=\/wp\/v2\/pages"}],"about":[{"href":"https:\/\/suristan.net\/index.php?rest_route=\/wp\/v2\/types\/page"}],"author":[{"embeddable":true,"href":"https:\/\/suristan.net\/index.php?rest_route=\/wp\/v2\/users\/1"}],"replies":[{"embeddable":true,"href":"https:\/\/suristan.net\/index.php?rest_route=%2Fwp%2Fv2%2Fcomments&post=413"}],"version-history":[{"count":2,"href":"https:\/\/suristan.net\/index.php?rest_route=\/wp\/v2\/pages\/413\/revisions"}],"predecessor-version":[{"id":415,"href":"https:\/\/suristan.net\/index.php?rest_route=\/wp\/v2\/pages\/413\/revisions\/415"}],"up":[{"embeddable":true,"href":"https:\/\/suristan.net\/index.php?rest_route=\/wp\/v2\/pages\/191"}],"wp:attachment":[{"href":"https:\/\/suristan.net\/index.php?rest_route=%2Fwp%2Fv2%2Fmedia&parent=413"}],"curies":[{"name":"wp","href":"https:\/\/api.w.org\/{rel}","templated":true}]}}