

{"id":411,"date":"2012-12-03T15:02:31","date_gmt":"2012-12-03T13:02:31","guid":{"rendered":"http:\/\/www.suristan.net\/?page_id=411"},"modified":"2012-12-03T15:02:31","modified_gmt":"2012-12-03T13:02:31","slug":"kar-tanesi","status":"publish","type":"page","link":"https:\/\/suristan.net\/?page_id=411","title":{"rendered":"KAR TANES\u0130"},"content":{"rendered":"<p><strong>Kar tanesi benim gibi dayan\u0131ks\u0131z<\/strong><\/p>\n<p><strong>Kar tanesi benim gibi zay\u0131f<\/strong><\/p>\n<p><strong>Kar tanesi benim gibi k\u00fc\u00e7\u00fck<\/strong><\/p>\n<p><strong>\u00a0<\/strong><\/p>\n<p><strong>Birle\u015firiz kar tanesi gibi<\/strong><\/p>\n<p><strong>Da\u011flar\u0131n eteklerini sarar\u0131z<\/strong><\/p>\n<p><strong>\u00a0<\/strong><\/p>\n<p><strong>Birle\u015firiz kar tanesi gibi<\/strong><\/p>\n<p><strong>\u00c7\u0131\u011f olup ya\u011far\u0131z yollar\u0131 kaplar\u0131z<\/strong><\/p>\n<p><strong>\u00a0<\/strong><\/p>\n<p><strong>Birle\u015firiz kar tanesi gibi<\/strong><\/p>\n<p><strong>Sel olup akar\u0131z bendleri y\u0131kar\u0131z<\/strong><\/p>\n<hr \/>\n<blockquote><p><em>Hayrani (Abdullah \u00d6zt\u00fcrk)<\/em><\/p>\n<p><em>Ocak 2012<\/em><\/p><\/blockquote>\n","protected":false},"excerpt":{"rendered":"<p>Kar tanesi benim gibi dayan\u0131ks\u0131z Kar tanesi benim gibi zay\u0131f Kar tanesi benim gibi k\u00fc\u00e7\u00fck \u00a0 Birle\u015firiz kar tanesi gibi Da\u011flar\u0131n eteklerini sarar\u0131z \u00a0 Birle\u015firiz kar tanesi gibi \u00c7\u0131\u011f olup ya\u011far\u0131z yollar\u0131 kaplar\u0131z \u00a0 Birle\u015firiz kar tanesi gibi Sel olup akar\u0131z bendleri y\u0131kar\u0131z Hayrani (Abdullah \u00d6zt\u00fcrk) Ocak 2012<\/p>\n","protected":false},"author":1,"featured_media":0,"parent":191,"menu_order":0,"comment_status":"open","ping_status":"open","template":"template-rightsidebar.php","meta":{"footnotes":""},"class_list":["post-411","page","type-page","status-publish","hentry"],"_links":{"self":[{"href":"https:\/\/suristan.net\/index.php?rest_route=\/wp\/v2\/pages\/411","targetHints":{"allow":["GET"]}}],"collection":[{"href":"https:\/\/suristan.net\/index.php?rest_route=\/wp\/v2\/pages"}],"about":[{"href":"https:\/\/suristan.net\/index.php?rest_route=\/wp\/v2\/types\/page"}],"author":[{"embeddable":true,"href":"https:\/\/suristan.net\/index.php?rest_route=\/wp\/v2\/users\/1"}],"replies":[{"embeddable":true,"href":"https:\/\/suristan.net\/index.php?rest_route=%2Fwp%2Fv2%2Fcomments&post=411"}],"version-history":[{"count":1,"href":"https:\/\/suristan.net\/index.php?rest_route=\/wp\/v2\/pages\/411\/revisions"}],"predecessor-version":[{"id":412,"href":"https:\/\/suristan.net\/index.php?rest_route=\/wp\/v2\/pages\/411\/revisions\/412"}],"up":[{"embeddable":true,"href":"https:\/\/suristan.net\/index.php?rest_route=\/wp\/v2\/pages\/191"}],"wp:attachment":[{"href":"https:\/\/suristan.net\/index.php?rest_route=%2Fwp%2Fv2%2Fmedia&parent=411"}],"curies":[{"name":"wp","href":"https:\/\/api.w.org\/{rel}","templated":true}]}}