

{"id":409,"date":"2012-12-03T15:01:20","date_gmt":"2012-12-03T13:01:20","guid":{"rendered":"http:\/\/www.suristan.net\/?page_id=409"},"modified":"2012-12-03T15:01:20","modified_gmt":"2012-12-03T13:01:20","slug":"gidiyoruz-ahirete","status":"publish","type":"page","link":"https:\/\/suristan.net\/?page_id=409","title":{"rendered":"G\u0130D\u0130YORUZ AH\u0130RETE"},"content":{"rendered":"<p><strong>D\u00fcnyaya kanmadan<\/strong><\/p>\n<p><strong>Nefsimize uymadan<\/strong><\/p>\n<p><strong>\u015eeytana aldanmadan<\/strong><\/p>\n<p><strong>Gidiyoruz ahirete.<\/strong><\/p>\n<p><strong>\u00a0<\/strong><\/p>\n<p><strong>R\u0131zay\u0131 kazanarak<\/strong><\/p>\n<p><strong>Maksuda ula\u015farak<\/strong><\/p>\n<p><strong>Sonsuza kavu\u015farak<\/strong><\/p>\n<p><strong>Gidiyoruz ahirete.<\/strong><\/p>\n<p><strong>\u00a0<\/strong><\/p>\n<p><strong>Sebilden tatmak i\u00e7in<\/strong><\/p>\n<p><strong>Havuzdan kanmak i\u00e7in<\/strong><\/p>\n<p><strong>Cennete kavu\u015fmak i\u00e7in<\/strong><\/p>\n<p><strong>Gidiyoruz ahirete.<\/strong><\/p>\n<p><strong>\u00a0<\/strong><\/p>\n<p><strong>Rahman\u0131 g\u00f6rmek i\u00e7in<\/strong><\/p>\n<p><strong>Rahmetten tatmak i\u00e7in<\/strong><\/p>\n<p><strong>Nimete doymak i\u00e7in<\/strong><\/p>\n<p><strong>Gidiyoruz ahirete.<\/strong><\/p>\n<p><strong>\u00a0<\/strong><\/p>\n<p><strong>Melekler davet etsin diye<\/strong><\/p>\n<p><strong>Cennet kap\u0131lar\u0131 a\u00e7\u0131ls\u0131n diye<\/strong><\/p>\n<p><strong>Rabbim kulum desin diye<\/strong><\/p>\n<p><strong>Gidiyoruz ahirete.<\/strong><\/p>\n<p><strong>\u00a0<\/strong><\/p>\n<p><strong>D\u00fcnya kap\u0131s\u0131ndan ge\u00e7tik<\/strong><\/p>\n<p><strong>Kabir berzah\u0131na girdik<\/strong><\/p>\n<p><strong>Mah\u015ferde ha\u015frolup dirildik<\/strong><\/p>\n<p><strong>Gidiyoruz ahirete.<\/strong><\/p>\n<p><strong>\u00a0<\/strong><\/p>\n<p><strong>Amel defteri geldi sa\u011f\u0131ndan<\/strong><\/p>\n<p><strong>Mizanda sevaplar a\u011f\u0131r g\u00fcnahtan<\/strong><\/p>\n<p><strong>Ge\u00e7ip sevindik s\u0131rattan<\/strong><\/p>\n<p><strong>Gidiyoruz ahirete.<\/strong><\/p>\n<p><strong>\u00a0<\/strong><\/p>\n<p><strong>Kafir m\u00fcnaf\u0131k peri\u015fan oldu<\/strong><\/p>\n<p><strong>Fas\u0131klar yar\u0131 yolda kald\u0131<\/strong><\/p>\n<p><strong>M\u00fc\u2019min maksad\u0131na vard\u0131<\/strong><\/p>\n<p><strong>Gidiyoruz ahirete.<\/strong><\/p>\n<p><strong>\u00a0<\/strong><\/p>\n<p><strong>Bu ne kutlu yolculuktur<\/strong><\/p>\n<p><strong>Sonu ne ho\u015f mutluluktur<\/strong><\/p>\n<p><strong>Sonu sonsuz kurtulu\u015ftur<\/strong><\/p>\n<p><strong>Gidiyoruz ahirete.<\/strong><\/p>\n<p><strong>\u00a0<\/strong><\/p>\n<p><strong>Ak\u0131beti g\u00f6rmek i\u00e7in<\/strong><\/p>\n<p><strong>Sonsuza kavu\u015fmak i\u00e7in<\/strong><\/p>\n<p><strong>Bir ile bir olmak i\u00e7in<\/strong><\/p>\n<p><strong>Gidiyoruz ahirete.<\/strong><\/p>\n<p><strong>\u00a0<\/strong><\/p>\n<p><strong>G\u00fczellikler diyar\u0131na<\/strong><\/p>\n<p><strong>Ho\u015f sedalar yurduna<\/strong><\/p>\n<p><strong>Rabbimizin huzuruna<\/strong><\/p>\n<p><strong>Gidiyoruz ahirete.<\/strong><\/p>\n<p><strong>\u00a0<\/strong><\/p>\n<p><strong>Son nefeste iman ile<\/strong><\/p>\n<p><strong>Kabirde istirahat ile<\/strong><\/p>\n<p><strong>K\u0131yamette k\u0131yam ile<\/strong><\/p>\n<p><strong>Gidiyoruz ahirete.<\/strong><\/p>\n<p><strong>\u00a0<\/strong><\/p>\n<p><strong>Her dem g\u00f6zya\u015f\u0131 d\u00f6kerek<\/strong><\/p>\n<p><strong>Vedudu can\u0131mdan \u00e7ok severek<\/strong><\/p>\n<p><strong>Rasule salat selam ederek<\/strong><\/p>\n<p><strong>Gidiyoruz ahirete.<\/strong><\/p>\n<p><strong>\u00a0<\/strong><\/p>\n<p><strong>B\u00fcr\u00fcnd\u00fck ete kemi\u011fe<\/strong><\/p>\n<p><strong>Ta\u015f olsan, demir olsan ne<\/strong><\/p>\n<p><strong>H\u00fcz\u00fcn niye, tasa niye<\/strong><\/p>\n<p><strong>Gidiyoruz ahirete.<\/strong><\/p>\n<hr \/>\n<blockquote><p><em>Hayrani (Abdullah \u00d6zt\u00fcrk)<\/em><\/p>\n<p><em>08\/01\/2009<\/em><\/p><\/blockquote>\n","protected":false},"excerpt":{"rendered":"<p>D\u00fcnyaya kanmadan Nefsimize uymadan \u015eeytana aldanmadan Gidiyoruz ahirete. \u00a0 R\u0131zay\u0131 kazanarak Maksuda ula\u015farak Sonsuza kavu\u015farak Gidiyoruz ahirete. \u00a0 Sebilden tatmak i\u00e7in Havuzdan kanmak i\u00e7in Cennete kavu\u015fmak i\u00e7in Gidiyoruz ahirete. \u00a0 Rahman\u0131 g\u00f6rmek i\u00e7in Rahmetten tatmak i\u00e7in Nimete doymak i\u00e7in Gidiyoruz ahirete. \u00a0 Melekler davet etsin diye Cennet kap\u0131lar\u0131 a\u00e7\u0131ls\u0131n diye Rabbim kulum desin diye Gidiyoruz&#8230;<\/p>\n","protected":false},"author":1,"featured_media":0,"parent":191,"menu_order":0,"comment_status":"open","ping_status":"open","template":"template-rightsidebar.php","meta":{"footnotes":""},"class_list":["post-409","page","type-page","status-publish","hentry"],"_links":{"self":[{"href":"https:\/\/suristan.net\/index.php?rest_route=\/wp\/v2\/pages\/409","targetHints":{"allow":["GET"]}}],"collection":[{"href":"https:\/\/suristan.net\/index.php?rest_route=\/wp\/v2\/pages"}],"about":[{"href":"https:\/\/suristan.net\/index.php?rest_route=\/wp\/v2\/types\/page"}],"author":[{"embeddable":true,"href":"https:\/\/suristan.net\/index.php?rest_route=\/wp\/v2\/users\/1"}],"replies":[{"embeddable":true,"href":"https:\/\/suristan.net\/index.php?rest_route=%2Fwp%2Fv2%2Fcomments&post=409"}],"version-history":[{"count":1,"href":"https:\/\/suristan.net\/index.php?rest_route=\/wp\/v2\/pages\/409\/revisions"}],"predecessor-version":[{"id":410,"href":"https:\/\/suristan.net\/index.php?rest_route=\/wp\/v2\/pages\/409\/revisions\/410"}],"up":[{"embeddable":true,"href":"https:\/\/suristan.net\/index.php?rest_route=\/wp\/v2\/pages\/191"}],"wp:attachment":[{"href":"https:\/\/suristan.net\/index.php?rest_route=%2Fwp%2Fv2%2Fmedia&parent=409"}],"curies":[{"name":"wp","href":"https:\/\/api.w.org\/{rel}","templated":true}]}}