

{"id":403,"date":"2012-12-03T14:57:50","date_gmt":"2012-12-03T12:57:50","guid":{"rendered":"http:\/\/www.suristan.net\/?page_id=403"},"modified":"2012-12-03T14:57:50","modified_gmt":"2012-12-03T12:57:50","slug":"dogu-ve-bati-asya-ve-avrupa","status":"publish","type":"page","link":"https:\/\/suristan.net\/?page_id=403","title":{"rendered":"DO\u011eU VE BATI (ASYA VE AVRUPA)"},"content":{"rendered":"<p><strong>Do\u011fu a\u011flar, bat\u0131 yer.<\/strong><\/p>\n<p><strong>A\u011flamak kaderidir do\u011funun b\u00fct\u00fcn zamanlarda<\/strong><\/p>\n<p><strong>Bat\u0131dan gelir zul\u00fcm, sald\u0131rmak ve ya\u011fmalamakla<\/strong><\/p>\n<p><strong>Bat\u0131 yer pisletir d\u00fcnyay\u0131, do\u011fu a\u011flar temizler k\u0131talar\u0131<\/strong><\/p>\n<p><strong>\u00a0<\/strong><\/p>\n<p><strong>G\u00f6zleri bu\u011fuludur do\u011funun dokunsan a\u011flayacak<\/strong><\/p>\n<p><strong>Bat\u0131n\u0131n g\u00f6zleri a\u00e7 kurt gibi k\u0131p\u0131rdasan sald\u0131racak.<\/strong><\/p>\n<p><strong>Bir el uzan\u0131r do\u011fudan sar\u0131l\u0131r, ku\u015fat\u0131r, \u0131s\u0131t\u0131r insanl\u0131\u011f\u0131.<\/strong><\/p>\n<p><strong>Bat\u0131dan \u00e7\u0131kan a\u011f\u0131z sald\u0131r\u0131r, par\u00e7alar, \u0131s\u0131r\u0131r insanlar\u0131.<\/strong><\/p>\n<p><strong>\u00a0<\/strong><\/p>\n<p><strong>Do\u011funun g\u00f6zya\u015flar\u0131d\u0131r d\u00fcnyay\u0131 temizleyen.<\/strong><\/p>\n<p><strong>Ac\u0131lar\u0131 ve zahmetleridir k\u0131yameti \u00f6nleyen<\/strong><\/p>\n<p><strong>Yery\u00fcz\u00fcn\u00fc kirleten bat\u0131n\u0131n yiyip \u00e7\u0131kard\u0131klar\u0131<\/strong><\/p>\n<p><strong>D\u00fcnyay\u0131 ya\u015fanmaz k\u0131lan zul\u00fcm ve h\u0131rslar\u0131.<\/strong><\/p>\n<p><strong>\u00a0<\/strong><\/p>\n<p><strong>Do\u011fuda do\u011fdu insan<\/strong><\/p>\n<p><strong>Bat\u0131ya g\u00f6nderdi evlad\u0131n\u0131<\/strong><\/p>\n<p><strong>Zul\u00fcmle d\u00f6nd\u00fc bat\u0131dan<\/strong><\/p>\n<p><strong>Yabanc\u0131la\u015f\u0131nca bat\u0131 koydu ad\u0131n\u0131<\/strong><\/p>\n<p><strong>\u00a0<\/strong><\/p>\n<p><strong>Elinde silah\u0131, k\u0131l\u0131c\u0131 ve mavzeri<\/strong><\/p>\n<p><strong>Do\u011funun kuca\u011f\u0131na d\u00f6n\u00fcp geldi<\/strong><\/p>\n<p><strong>Yatt\u0131\u011f\u0131 kuca\u011fa oturdu saplad\u0131 han\u00e7eri<\/strong><\/p>\n<p><strong>Akan kan\u0131 i\u00e7ip g\u00fc\u00e7lendi ve kibirlendi.<\/strong><\/p>\n<p><strong>\u00a0<\/strong><\/p>\n<p><strong>Mal bulmu\u015f magribi gibi sald\u0131rd\u0131<\/strong><\/p>\n<p><strong>G\u00f6z\u00fc d\u00f6nm\u00fc\u015f kurt gibi h\u0131rsland\u0131<\/strong><\/p>\n<p><strong>Sald\u0131rd\u0131k\u00e7a daha da g\u00fc\u00e7lendi<\/strong><\/p>\n<p><strong>G\u00fc\u00e7lendik\u00e7e daha da sald\u0131rd\u0131<\/strong><\/p>\n<p><strong>\u00a0<\/strong><\/p>\n<p><strong>Bat\u0131n\u0131n insan\u0131 kendini evrimle\u015fmi\u015f zanneden goril<\/strong><\/p>\n<p><strong>Do\u011funun insan\u0131 gorilin hor g\u00f6r\u00fcp a\u015fa\u011f\u0131lad\u0131\u011f\u0131 insan<\/strong><\/p>\n<p><strong>Heyhat do\u011fu ile bat\u0131 aras\u0131nda uzakl\u0131k ne kadar<\/strong><\/p>\n<p><strong>Do\u011fu ile bat\u0131 aras\u0131ndaki uzakl\u0131k kadar.<\/strong><\/p>\n<hr \/>\n<blockquote><p><em>Hayrani (Abdullah \u00d6zt\u00fcrk)<\/em><\/p>\n<p><em>17\/08\/2012 Cuma<\/em><\/p><\/blockquote>\n","protected":false},"excerpt":{"rendered":"<p>Do\u011fu a\u011flar, bat\u0131 yer. A\u011flamak kaderidir do\u011funun b\u00fct\u00fcn zamanlarda Bat\u0131dan gelir zul\u00fcm, sald\u0131rmak ve ya\u011fmalamakla Bat\u0131 yer pisletir d\u00fcnyay\u0131, do\u011fu a\u011flar temizler k\u0131talar\u0131 \u00a0 G\u00f6zleri bu\u011fuludur do\u011funun dokunsan a\u011flayacak Bat\u0131n\u0131n g\u00f6zleri a\u00e7 kurt gibi k\u0131p\u0131rdasan sald\u0131racak. Bir el uzan\u0131r do\u011fudan sar\u0131l\u0131r, ku\u015fat\u0131r, \u0131s\u0131t\u0131r insanl\u0131\u011f\u0131. Bat\u0131dan \u00e7\u0131kan a\u011f\u0131z sald\u0131r\u0131r, par\u00e7alar, \u0131s\u0131r\u0131r insanlar\u0131. \u00a0 Do\u011funun g\u00f6zya\u015flar\u0131d\u0131r d\u00fcnyay\u0131&#8230;<\/p>\n","protected":false},"author":1,"featured_media":0,"parent":191,"menu_order":0,"comment_status":"open","ping_status":"open","template":"template-rightsidebar.php","meta":{"footnotes":""},"class_list":["post-403","page","type-page","status-publish","hentry"],"_links":{"self":[{"href":"https:\/\/suristan.net\/index.php?rest_route=\/wp\/v2\/pages\/403","targetHints":{"allow":["GET"]}}],"collection":[{"href":"https:\/\/suristan.net\/index.php?rest_route=\/wp\/v2\/pages"}],"about":[{"href":"https:\/\/suristan.net\/index.php?rest_route=\/wp\/v2\/types\/page"}],"author":[{"embeddable":true,"href":"https:\/\/suristan.net\/index.php?rest_route=\/wp\/v2\/users\/1"}],"replies":[{"embeddable":true,"href":"https:\/\/suristan.net\/index.php?rest_route=%2Fwp%2Fv2%2Fcomments&post=403"}],"version-history":[{"count":1,"href":"https:\/\/suristan.net\/index.php?rest_route=\/wp\/v2\/pages\/403\/revisions"}],"predecessor-version":[{"id":404,"href":"https:\/\/suristan.net\/index.php?rest_route=\/wp\/v2\/pages\/403\/revisions\/404"}],"up":[{"embeddable":true,"href":"https:\/\/suristan.net\/index.php?rest_route=\/wp\/v2\/pages\/191"}],"wp:attachment":[{"href":"https:\/\/suristan.net\/index.php?rest_route=%2Fwp%2Fv2%2Fmedia&parent=403"}],"curies":[{"name":"wp","href":"https:\/\/api.w.org\/{rel}","templated":true}]}}