

{"id":401,"date":"2012-12-03T14:56:42","date_gmt":"2012-12-03T12:56:42","guid":{"rendered":"http:\/\/www.suristan.net\/?page_id=401"},"modified":"2012-12-03T14:56:42","modified_gmt":"2012-12-03T12:56:42","slug":"derdimle-kiymetlendim","status":"publish","type":"page","link":"https:\/\/suristan.net\/?page_id=401","title":{"rendered":"DERD\u0130MLE KIYMETLEND\u0130M"},"content":{"rendered":"<p><strong>Derdimle k\u0131ymetlendim derman\u0131 neyleyeyim.<\/strong><\/p>\n<p><strong>Yolunda \u00e7ilelendim \u00e7areyi neyleyeyim.<\/strong><\/p>\n<p><strong>B\u00fct\u00fcn derdim Dostun dergah\u0131na varmak<\/strong><\/p>\n<p><strong>Huzurunda huzur bulup varl\u0131\u011f\u0131nda yok olmak.<\/strong><\/p>\n<p><strong>\u00a0<\/strong><\/p>\n<p><strong>Derdimle dertlenmeyen kendine dert olsun.<\/strong><\/p>\n<p><strong>Derdime dert olan\u0131n dertleri umman olsun.<\/strong><\/p>\n<p><strong>Derdimle dertlenen derman\u0131 Dostta bulsun.<\/strong><\/p>\n<p><strong>Mevla\u2019n\u0131n didar\u0131 derdine derman olsun.<\/strong><\/p>\n<hr \/>\n<blockquote><p><em>Hayrani (Abdullah \u00d6zt\u00fcrk)<\/em><\/p>\n<p><em>26\/05\/2012 Cumartesi<\/em><\/p><\/blockquote>\n","protected":false},"excerpt":{"rendered":"<p>Derdimle k\u0131ymetlendim derman\u0131 neyleyeyim. Yolunda \u00e7ilelendim \u00e7areyi neyleyeyim. B\u00fct\u00fcn derdim Dostun dergah\u0131na varmak Huzurunda huzur bulup varl\u0131\u011f\u0131nda yok olmak. \u00a0 Derdimle dertlenmeyen kendine dert olsun. Derdime dert olan\u0131n dertleri umman olsun. Derdimle dertlenen derman\u0131 Dostta bulsun. Mevla\u2019n\u0131n didar\u0131 derdine derman olsun. Hayrani (Abdullah \u00d6zt\u00fcrk) 26\/05\/2012 Cumartesi<\/p>\n","protected":false},"author":1,"featured_media":0,"parent":191,"menu_order":0,"comment_status":"open","ping_status":"open","template":"template-rightsidebar.php","meta":{"footnotes":""},"class_list":["post-401","page","type-page","status-publish","hentry"],"_links":{"self":[{"href":"https:\/\/suristan.net\/index.php?rest_route=\/wp\/v2\/pages\/401","targetHints":{"allow":["GET"]}}],"collection":[{"href":"https:\/\/suristan.net\/index.php?rest_route=\/wp\/v2\/pages"}],"about":[{"href":"https:\/\/suristan.net\/index.php?rest_route=\/wp\/v2\/types\/page"}],"author":[{"embeddable":true,"href":"https:\/\/suristan.net\/index.php?rest_route=\/wp\/v2\/users\/1"}],"replies":[{"embeddable":true,"href":"https:\/\/suristan.net\/index.php?rest_route=%2Fwp%2Fv2%2Fcomments&post=401"}],"version-history":[{"count":1,"href":"https:\/\/suristan.net\/index.php?rest_route=\/wp\/v2\/pages\/401\/revisions"}],"predecessor-version":[{"id":402,"href":"https:\/\/suristan.net\/index.php?rest_route=\/wp\/v2\/pages\/401\/revisions\/402"}],"up":[{"embeddable":true,"href":"https:\/\/suristan.net\/index.php?rest_route=\/wp\/v2\/pages\/191"}],"wp:attachment":[{"href":"https:\/\/suristan.net\/index.php?rest_route=%2Fwp%2Fv2%2Fmedia&parent=401"}],"curies":[{"name":"wp","href":"https:\/\/api.w.org\/{rel}","templated":true}]}}