

{"id":399,"date":"2012-12-03T14:55:23","date_gmt":"2012-12-03T12:55:23","guid":{"rendered":"http:\/\/www.suristan.net\/?page_id=399"},"modified":"2012-12-03T14:55:23","modified_gmt":"2012-12-03T12:55:23","slug":"bitecek","status":"publish","type":"page","link":"https:\/\/suristan.net\/?page_id=399","title":{"rendered":"B\u0130TECEK"},"content":{"rendered":"<p><strong>Bir g\u00fcn gelecek \u00f6m\u00fcr bitecek<\/strong><\/p>\n<p><strong>Bir g\u00fcn gelecek \u00f6l\u00fcm bitecek<\/strong><\/p>\n<p><strong>Ve ard\u0131ndan topraktan<\/strong><\/p>\n<p><strong>\u0130nsan bitecek.<\/strong><\/p>\n<hr \/>\n<blockquote><p><em>Hayrani\u00a0(Abdullah \u00d6zt\u00fcrk)<\/em><\/p>\n<p><em>29\/03\/2012<\/em><\/p><\/blockquote>\n","protected":false},"excerpt":{"rendered":"<p>Bir g\u00fcn gelecek \u00f6m\u00fcr bitecek Bir g\u00fcn gelecek \u00f6l\u00fcm bitecek Ve ard\u0131ndan topraktan \u0130nsan bitecek. Hayrani\u00a0(Abdullah \u00d6zt\u00fcrk) 29\/03\/2012<\/p>\n","protected":false},"author":1,"featured_media":0,"parent":191,"menu_order":0,"comment_status":"open","ping_status":"open","template":"template-rightsidebar.php","meta":{"footnotes":""},"class_list":["post-399","page","type-page","status-publish","hentry"],"_links":{"self":[{"href":"https:\/\/suristan.net\/index.php?rest_route=\/wp\/v2\/pages\/399","targetHints":{"allow":["GET"]}}],"collection":[{"href":"https:\/\/suristan.net\/index.php?rest_route=\/wp\/v2\/pages"}],"about":[{"href":"https:\/\/suristan.net\/index.php?rest_route=\/wp\/v2\/types\/page"}],"author":[{"embeddable":true,"href":"https:\/\/suristan.net\/index.php?rest_route=\/wp\/v2\/users\/1"}],"replies":[{"embeddable":true,"href":"https:\/\/suristan.net\/index.php?rest_route=%2Fwp%2Fv2%2Fcomments&post=399"}],"version-history":[{"count":1,"href":"https:\/\/suristan.net\/index.php?rest_route=\/wp\/v2\/pages\/399\/revisions"}],"predecessor-version":[{"id":400,"href":"https:\/\/suristan.net\/index.php?rest_route=\/wp\/v2\/pages\/399\/revisions\/400"}],"up":[{"embeddable":true,"href":"https:\/\/suristan.net\/index.php?rest_route=\/wp\/v2\/pages\/191"}],"wp:attachment":[{"href":"https:\/\/suristan.net\/index.php?rest_route=%2Fwp%2Fv2%2Fmedia&parent=399"}],"curies":[{"name":"wp","href":"https:\/\/api.w.org\/{rel}","templated":true}]}}