

{"id":396,"date":"2012-12-03T14:53:33","date_gmt":"2012-12-03T12:53:33","guid":{"rendered":"http:\/\/www.suristan.net\/?page_id=396"},"modified":"2012-12-03T14:54:01","modified_gmt":"2012-12-03T12:54:01","slug":"bekliyorum","status":"publish","type":"page","link":"https:\/\/suristan.net\/?page_id=396","title":{"rendered":"BEKL\u0130YORUM"},"content":{"rendered":"<p><strong>Zaman\u0131n\u0131 bilmedi\u011fim bir zamanda<\/strong><\/p>\n<p><strong>Mekan\u0131n\u0131 bilmedi\u011fim bir mekanda<\/strong><\/p>\n<p><strong>Beklenen an\u0131 beklemedi\u011fim bir anda<\/strong><\/p>\n<p><strong>Cesedimde bulu\u015faca\u011f\u0131m \u00f6l\u00fcmle.<\/strong><\/p>\n<p><strong>\u00a0<\/strong><\/p>\n<p><strong>Bedenimde bekliyorum \u00f6l\u00fcm\u00fc<\/strong><\/p>\n<p><strong>Gelince, beni bu bedende bulacak \u00f6l\u00fcm<\/strong><\/p>\n<p><strong>Cesedime gelecek, ruhuma de\u011fil<\/strong><\/p>\n<p><strong>Bu kadar teselli yetmez mi \u00f6l\u00fcme kar\u015f\u0131.<\/strong><\/p>\n<hr \/>\n<blockquote><p><em>Hayrani (Abdullah \u00d6zt\u00fcrk)<\/em><\/p>\n<p><em>2011<\/em><\/p><\/blockquote>\n","protected":false},"excerpt":{"rendered":"<p>Zaman\u0131n\u0131 bilmedi\u011fim bir zamanda Mekan\u0131n\u0131 bilmedi\u011fim bir mekanda Beklenen an\u0131 beklemedi\u011fim bir anda Cesedimde bulu\u015faca\u011f\u0131m \u00f6l\u00fcmle. \u00a0 Bedenimde bekliyorum \u00f6l\u00fcm\u00fc Gelince, beni bu bedende bulacak \u00f6l\u00fcm Cesedime gelecek, ruhuma de\u011fil Bu kadar teselli yetmez mi \u00f6l\u00fcme kar\u015f\u0131. Hayrani (Abdullah \u00d6zt\u00fcrk) 2011<\/p>\n","protected":false},"author":1,"featured_media":0,"parent":191,"menu_order":0,"comment_status":"open","ping_status":"open","template":"template-rightsidebar.php","meta":{"footnotes":""},"class_list":["post-396","page","type-page","status-publish","hentry"],"_links":{"self":[{"href":"https:\/\/suristan.net\/index.php?rest_route=\/wp\/v2\/pages\/396","targetHints":{"allow":["GET"]}}],"collection":[{"href":"https:\/\/suristan.net\/index.php?rest_route=\/wp\/v2\/pages"}],"about":[{"href":"https:\/\/suristan.net\/index.php?rest_route=\/wp\/v2\/types\/page"}],"author":[{"embeddable":true,"href":"https:\/\/suristan.net\/index.php?rest_route=\/wp\/v2\/users\/1"}],"replies":[{"embeddable":true,"href":"https:\/\/suristan.net\/index.php?rest_route=%2Fwp%2Fv2%2Fcomments&post=396"}],"version-history":[{"count":2,"href":"https:\/\/suristan.net\/index.php?rest_route=\/wp\/v2\/pages\/396\/revisions"}],"predecessor-version":[{"id":398,"href":"https:\/\/suristan.net\/index.php?rest_route=\/wp\/v2\/pages\/396\/revisions\/398"}],"up":[{"embeddable":true,"href":"https:\/\/suristan.net\/index.php?rest_route=\/wp\/v2\/pages\/191"}],"wp:attachment":[{"href":"https:\/\/suristan.net\/index.php?rest_route=%2Fwp%2Fv2%2Fmedia&parent=396"}],"curies":[{"name":"wp","href":"https:\/\/api.w.org\/{rel}","templated":true}]}}