

{"id":392,"date":"2012-12-03T14:48:40","date_gmt":"2012-12-03T12:48:40","guid":{"rendered":"http:\/\/www.suristan.net\/?page_id=392"},"modified":"2012-12-03T15:13:41","modified_gmt":"2012-12-03T13:13:41","slug":"ars-ile-irsad","status":"publish","type":"page","link":"https:\/\/suristan.net\/?page_id=392","title":{"rendered":"AR\u015e \u0130LE \u0130R\u015eAD"},"content":{"rendered":"<p><strong>Kar\u015f\u0131nda arama o senin taraf\u0131ndad\u0131r<\/strong><\/p>\n<p><strong>E\u011fil de g\u00f6\u011fs\u00fcne bir bak kalbinin ortas\u0131ndad\u0131r<\/strong><\/p>\n<p><strong>Tecelli-i azam kalptedir kalp onun taht\u0131ndand\u0131r<\/strong><\/p>\n<p><strong>Hamele-i kalp kuldur ar\u015f kulun sadr\u0131ndad\u0131r.<\/strong><\/p>\n<p><strong>\u00a0<\/strong><\/p>\n<p><strong>Sekiz melekten efdal olursun<\/strong><\/p>\n<p><strong>Sekiz melekten dua al\u0131rs\u0131n<\/strong><\/p>\n<p><strong>Sekiz cennete namzed olursun<\/strong><\/p>\n<p><strong>On sekiz bin aleme reis olursun<\/strong><\/p>\n<p><strong>Ta\u015f\u0131yabilirsen o kalbi.<\/strong><\/p>\n<p><strong>\u00a0<\/strong><\/p>\n<p><strong>Tecelliden nasibsiz ne bilir hakk\u0131<\/strong><\/p>\n<p><strong>E\u015fyan\u0131n s\u0131rlar\u0131 esmada sakl\u0131<\/strong><\/p>\n<p><strong>Zahir ve bat\u0131n birbirine tarakl\u0131<\/strong><\/p>\n<p><strong>Mevlaya yak\u0131nl\u0131k masivadan gayr\u0131.<\/strong><\/p>\n<p><strong>\u00a0<\/strong><\/p>\n<p><strong>\u015eiir ile \u015fad olanlar<\/strong><\/p>\n<p><strong>\u015eiir ile ir\u015fad olanlar<\/strong><\/p>\n<p><strong>\u015eiirde kendini bulanlar<\/strong><\/p>\n<p><strong>\u015eiirde \u015fiiri a\u015fanlar<\/strong><\/p>\n<p><strong>Her daim huzurdad\u0131rlar.<\/strong><\/p>\n<hr \/>\n<blockquote><p>\u00a0<em>Hayrani (Abdullah \u00d6zt\u00fcrk)<\/em><\/p>\n<p><em>2011<\/em><\/p><\/blockquote>\n","protected":false},"excerpt":{"rendered":"<p>Kar\u015f\u0131nda arama o senin taraf\u0131ndad\u0131r E\u011fil de g\u00f6\u011fs\u00fcne bir bak kalbinin ortas\u0131ndad\u0131r Tecelli-i azam kalptedir kalp onun taht\u0131ndand\u0131r Hamele-i kalp kuldur ar\u015f kulun sadr\u0131ndad\u0131r. \u00a0 Sekiz melekten efdal olursun Sekiz melekten dua al\u0131rs\u0131n Sekiz cennete namzed olursun On sekiz bin aleme reis olursun Ta\u015f\u0131yabilirsen o kalbi. \u00a0 Tecelliden nasibsiz ne bilir hakk\u0131 E\u015fyan\u0131n s\u0131rlar\u0131 esmada&#8230;<\/p>\n","protected":false},"author":1,"featured_media":0,"parent":191,"menu_order":0,"comment_status":"open","ping_status":"open","template":"template-rightsidebar.php","meta":{"footnotes":""},"class_list":["post-392","page","type-page","status-publish","hentry"],"_links":{"self":[{"href":"https:\/\/suristan.net\/index.php?rest_route=\/wp\/v2\/pages\/392","targetHints":{"allow":["GET"]}}],"collection":[{"href":"https:\/\/suristan.net\/index.php?rest_route=\/wp\/v2\/pages"}],"about":[{"href":"https:\/\/suristan.net\/index.php?rest_route=\/wp\/v2\/types\/page"}],"author":[{"embeddable":true,"href":"https:\/\/suristan.net\/index.php?rest_route=\/wp\/v2\/users\/1"}],"replies":[{"embeddable":true,"href":"https:\/\/suristan.net\/index.php?rest_route=%2Fwp%2Fv2%2Fcomments&post=392"}],"version-history":[{"count":5,"href":"https:\/\/suristan.net\/index.php?rest_route=\/wp\/v2\/pages\/392\/revisions"}],"predecessor-version":[{"id":458,"href":"https:\/\/suristan.net\/index.php?rest_route=\/wp\/v2\/pages\/392\/revisions\/458"}],"up":[{"embeddable":true,"href":"https:\/\/suristan.net\/index.php?rest_route=\/wp\/v2\/pages\/191"}],"wp:attachment":[{"href":"https:\/\/suristan.net\/index.php?rest_route=%2Fwp%2Fv2%2Fmedia&parent=392"}],"curies":[{"name":"wp","href":"https:\/\/api.w.org\/{rel}","templated":true}]}}