

{"id":389,"date":"2012-12-03T14:46:39","date_gmt":"2012-12-03T12:46:39","guid":{"rendered":"http:\/\/www.suristan.net\/?page_id=389"},"modified":"2012-12-03T15:12:51","modified_gmt":"2012-12-03T13:12:51","slug":"anlarsin","status":"publish","type":"page","link":"https:\/\/suristan.net\/?page_id=389","title":{"rendered":"ANLARSIN"},"content":{"rendered":"<p><strong>Adaleti ilahi mutlakt\u0131r \u015fa\u015fmaz<\/strong><\/p>\n<p><strong>Zalimlere g\u00f6z a\u00e7t\u0131rmaz<\/strong><\/p>\n<p><strong>M\u00fchlet verir asla unutmaz<\/strong><\/p>\n<p><strong>Zaman ge\u00e7er d\u00f6ner bakar anlars\u0131n.<\/strong><\/p>\n<p><strong>\u00a0<\/strong><\/p>\n<p><strong>Zanneder misin devran hep b\u00f6yle d\u00f6ner<\/strong><\/p>\n<p><strong>Zalimin zulm\u00fc bir g\u00fcn mutlaka s\u00f6ner<\/strong><\/p>\n<p><strong>Zaman\u0131n devriyle devrilir gider<\/strong><\/p>\n<p><strong>Y\u0131llar ge\u00e7er d\u00f6ner bakar anlars\u0131n.<\/strong><\/p>\n<p><strong>\u00a0<\/strong><\/p>\n<p><strong>Gen\u00e7likte her \u015fey farkl\u0131 g\u00f6r\u00fcn\u00fcr.<\/strong><\/p>\n<p><strong>Ger\u00e7ekler gizlenir g\u00f6lgeler g\u00f6r\u00fcn\u00fcr<\/strong><\/p>\n<p><strong>Y\u0131llar ge\u00e7tik\u00e7e yalanlar karanl\u0131\u011fa g\u00f6m\u00fcl\u00fcr<\/strong><\/p>\n<p><strong>\u00d6m\u00fcr biter d\u00f6ner bakar anlars\u0131n.<\/strong><\/p>\n<p><strong>\u00a0<\/strong><\/p>\n<p><strong>Nereye gitti\u011fini bilmeden ko\u015fanlar<\/strong><\/p>\n<p><strong>G\u00fcnahlar\u0131n vebalinden bihaber olanlar<\/strong><\/p>\n<p><strong>\u0130\u00e7ti\u011fin g\u00fcnah zehri ruhunu derinden yaralar<\/strong><\/p>\n<p><strong>G\u00fcnahlar terk edince d\u00f6ner bakar anlars\u0131n.<\/strong><\/p>\n<p><strong>\u00a0<\/strong><\/p>\n<p><strong>D\u00f6n\u00fc\u015f\u00fc olmayan g\u00fcnde<\/strong><\/p>\n<p><strong>D\u00f6nmek istersin d\u00f6nemezsin<\/strong><\/p>\n<p><strong>\u00c7aresizlik pi\u015fmanl\u0131\u011fa d\u00f6n\u00fc\u015f\u00fcr<\/strong><\/p>\n<p><strong>\u00c7areler t\u00fckenir d\u00f6ner bakar anlars\u0131n.<\/strong><\/p>\n<p><strong>\u00a0<\/strong><\/p>\n<p><strong>Yar\u0131nlar\u0131n bu g\u00fcn olur<\/strong><\/p>\n<p><strong>Yar\u0131n\u0131 olmayan g\u00fcn\u00fcn gelir<\/strong><\/p>\n<p><strong>Yollar kapan\u0131r \u00e7areler t\u00fckenir<\/strong><\/p>\n<p><strong>Geldi\u011fin yollara d\u00f6ner bakar anlars\u0131n.<\/strong><\/p>\n<p><strong>\u00a0<\/strong><\/p>\n<p><strong>\u00d6m\u00fcr biter sonun g\u00f6r\u00fcn\u00fcr<\/strong><\/p>\n<p><strong>Kaybeden kimse \u00f6lmeden \u00f6l\u00fcr<\/strong><\/p>\n<p><strong>Tutundu\u011fun hayat\u0131n \u00f6n\u00fcnde \u00e7\u00fcr\u00fcr<\/strong><\/p>\n<p><strong>Zayi olan \u00f6mr\u00fcne d\u00f6ner bakar anlars\u0131n.<\/strong><\/p>\n<p><strong>\u00a0<\/strong><\/p>\n<p><strong>\u00a0<\/strong><\/p>\n<p><strong>\u0130mtihanda sensin sonu\u00e7ta sen<\/strong><\/p>\n<p><strong>Ba\u015far\u0131da sensin h\u00fcsranda sen<\/strong><\/p>\n<p><strong>Kaybedene matemin en a\u011f\u0131r\u0131 gelir<\/strong><\/p>\n<p><strong>Kazanana bayram\u0131n s\u00fcruru verilir.<\/strong><\/p>\n<p><strong>\u00a0<\/strong><\/p>\n<p><strong>G\u00fcnahlar\u0131n b\u0131rakt\u0131\u011f\u0131 izlerde<\/strong><\/p>\n<p><strong>Her g\u00fcnah bir tuzakt\u0131r anlars\u0131n<\/strong><\/p>\n<p><strong>\u0130mtihan\u0131 nelerden kaybetti\u011fine<\/strong><\/p>\n<p><strong>Terazi kurulunca bakar yanars\u0131n.<\/strong><\/p>\n<p><strong>\u00a0<\/strong><\/p>\n<p><strong>Bak\u0131p da g\u00f6remediklerine<\/strong><\/p>\n<p><strong>G\u00f6r\u00fcp de bilemediklerine<\/strong><\/p>\n<p><strong>Bilip de anlayamad\u0131klar\u0131na<\/strong><\/p>\n<p><strong>D\u00f6ner bakar a\u011flars\u0131n.<\/strong><\/p>\n<hr \/>\n<blockquote><p><em>Hayrani (Abdullah \u00d6zt\u00fcrk)<\/em><\/p>\n<p><em>2010<\/em><\/p><\/blockquote>\n","protected":false},"excerpt":{"rendered":"<p>Adaleti ilahi mutlakt\u0131r \u015fa\u015fmaz Zalimlere g\u00f6z a\u00e7t\u0131rmaz M\u00fchlet verir asla unutmaz Zaman ge\u00e7er d\u00f6ner bakar anlars\u0131n. \u00a0 Zanneder misin devran hep b\u00f6yle d\u00f6ner Zalimin zulm\u00fc bir g\u00fcn mutlaka s\u00f6ner Zaman\u0131n devriyle devrilir gider Y\u0131llar ge\u00e7er d\u00f6ner bakar anlars\u0131n. \u00a0 Gen\u00e7likte her \u015fey farkl\u0131 g\u00f6r\u00fcn\u00fcr. Ger\u00e7ekler gizlenir g\u00f6lgeler g\u00f6r\u00fcn\u00fcr Y\u0131llar ge\u00e7tik\u00e7e yalanlar karanl\u0131\u011fa g\u00f6m\u00fcl\u00fcr \u00d6m\u00fcr biter&#8230;<\/p>\n","protected":false},"author":1,"featured_media":0,"parent":191,"menu_order":0,"comment_status":"open","ping_status":"open","template":"template-rightsidebar.php","meta":{"footnotes":""},"class_list":["post-389","page","type-page","status-publish","hentry"],"_links":{"self":[{"href":"https:\/\/suristan.net\/index.php?rest_route=\/wp\/v2\/pages\/389","targetHints":{"allow":["GET"]}}],"collection":[{"href":"https:\/\/suristan.net\/index.php?rest_route=\/wp\/v2\/pages"}],"about":[{"href":"https:\/\/suristan.net\/index.php?rest_route=\/wp\/v2\/types\/page"}],"author":[{"embeddable":true,"href":"https:\/\/suristan.net\/index.php?rest_route=\/wp\/v2\/users\/1"}],"replies":[{"embeddable":true,"href":"https:\/\/suristan.net\/index.php?rest_route=%2Fwp%2Fv2%2Fcomments&post=389"}],"version-history":[{"count":4,"href":"https:\/\/suristan.net\/index.php?rest_route=\/wp\/v2\/pages\/389\/revisions"}],"predecessor-version":[{"id":768,"href":"https:\/\/suristan.net\/index.php?rest_route=\/wp\/v2\/pages\/389\/revisions\/768"}],"up":[{"embeddable":true,"href":"https:\/\/suristan.net\/index.php?rest_route=\/wp\/v2\/pages\/191"}],"wp:attachment":[{"href":"https:\/\/suristan.net\/index.php?rest_route=%2Fwp%2Fv2%2Fmedia&parent=389"}],"curies":[{"name":"wp","href":"https:\/\/api.w.org\/{rel}","templated":true}]}}