

{"id":375,"date":"2012-12-03T14:32:37","date_gmt":"2012-12-03T12:32:37","guid":{"rendered":"http:\/\/www.suristan.net\/?page_id=375"},"modified":"2012-12-03T14:40:59","modified_gmt":"2012-12-03T12:40:59","slug":"375-2","status":"publish","type":"page","link":"https:\/\/suristan.net\/?page_id=375","title":{"rendered":"O G\u00dcNLER"},"content":{"rendered":"<p>&nbsp;<\/p>\n<p><strong>Menfaatsiz sevmeyi<\/strong><\/p>\n<p><strong>B\u0131kmadan beklemeyi<\/strong><\/p>\n<p><strong>Korkmadan d\u00fc\u015f\u00fcnmeyi<\/strong><\/p>\n<p><strong>O g\u00fcnlerde \u00f6\u011frendik.<\/strong><\/p>\n<p><strong>\u00a0<\/strong><\/p>\n<p><strong>G\u00fcnler o g\u00fcnlerdi<\/strong><\/p>\n<p><strong>O g\u00fcnler ne g\u00fczel g\u00fcnlerdi.<\/strong><\/p>\n<p><strong>\u00a0<\/strong><\/p>\n<p><strong>A\u00e7 kal\u0131p sabretmeyi<\/strong><\/p>\n<p><strong>Yemeden beklemeyi<\/strong><\/p>\n<p><strong>Doymadan \u00e7ekilmeyi<\/strong><\/p>\n<p><strong>Sahurda sevinmeyi<\/strong><\/p>\n<p><strong>O aylarda \u00f6\u011frendik.<\/strong><\/p>\n<p><strong>\u00a0<\/strong><\/p>\n<p><strong>Aylar o aylard\u0131<\/strong><\/p>\n<p><strong>O aylar ne ho\u015f aylard\u0131.<\/strong><\/p>\n<p><strong>\u00a0<\/strong><\/p>\n<p><strong>Karde\u015f\u00e7e payla\u015f\u0131rd\u0131k<\/strong><\/p>\n<p><strong>Nefisle sava\u015f\u0131rd\u0131k<\/strong><\/p>\n<p><strong>D\u00fc\u015feni kald\u0131r\u0131rd\u0131k<\/strong><\/p>\n<p><strong>Hak yolda bar\u0131\u015f\u0131rd\u0131k.<\/strong><\/p>\n<p><strong>\u00a0<\/strong><\/p>\n<p><strong>Y\u0131llar o y\u0131llard\u0131<\/strong><\/p>\n<p><strong>O y\u0131llar ne mutlu y\u0131llard\u0131.<\/strong><\/p>\n<p><strong>\u00a0<\/strong><\/p>\n<p><strong>Eridik, sebat ettik<\/strong><\/p>\n<p><strong>Horland\u0131k, e\u011filmedik<\/strong><\/p>\n<p><strong>G\u00fc\u00e7s\u00fcz iken g\u00fcce direndik<\/strong><\/p>\n<p><strong>Kaybettik, asla \u00fcz\u00fclmedik<\/strong><\/p>\n<p><strong>C\u00fccelere imrenmedik.<\/strong><\/p>\n<p><strong>\u00a0<\/strong><\/p>\n<p><strong>\u00d6m\u00fcr o \u00f6m\u00fcrd\u00fc<\/strong><\/p>\n<p><strong>O \u00f6m\u00fcr ne bereketli \u00f6m\u00fcrd\u00fc.<\/strong><\/p>\n<p><strong>\u00a0<\/strong><\/p>\n<p><strong>Yeni elbiselerimiz yoktu<\/strong><\/p>\n<p><strong>Yeni kitaplar\u0131m\u0131z vard\u0131<\/strong><\/p>\n<p><strong>Sat\u0131rlarla selamla\u015ft\u0131k<\/strong><\/p>\n<p><strong>Sayfalarla bayramla\u015ft\u0131k.<\/strong><\/p>\n<p><strong>\u00a0<\/strong><\/p>\n<p><strong>Bayramlar o bayramlard\u0131<\/strong><\/p>\n<p><strong>O bayram ne g\u00fczel bayramd\u0131.<\/strong><\/p>\n<p><strong>\u00a0<\/strong><\/p>\n<p><strong>Cumalara giderdik toplu halde ara\u00e7larla<\/strong><\/p>\n<p><strong>Sevin\u00e7 ve heyecan vard\u0131 ruhlarda<\/strong><\/p>\n<p><strong>T\u0131pk\u0131 cennette Cuma ya\u015far gibi giderdik.<\/strong><\/p>\n<p><strong>Rabbimize kulluk i\u00e7in giderdik<\/strong><\/p>\n<p><strong>Cennette bu yolculuk r\u00fcyet olacak bilirdik.<\/strong><\/p>\n<p><strong>\u00a0<\/strong><\/p>\n<p><strong>Cumalar o cumalard\u0131<\/strong><\/p>\n<p><strong>O Cuma ne g\u00fczel cumayd\u0131.<\/strong><\/p>\n<p><strong>\u00a0<\/strong><\/p>\n<p><strong>Bilmeden bilge olduk, sevindik<\/strong><\/p>\n<p><strong>Hayat\u0131 nurlu bulduk, e\u011flendik<\/strong><\/p>\n<p><strong>Bilirken bilmez olduk, direndik<\/strong><\/p>\n<p><strong>Ger\u00e7e\u011fi hakta bulduk, e\u011fildik.<\/strong><\/p>\n<p><strong>\u00a0<\/strong><\/p>\n<p><strong>Zaman o zamand\u0131<\/strong><\/p>\n<p><strong>O zaman ne g\u00fczel zamand\u0131.<\/strong><\/p>\n<p><strong>\u00a0<\/strong><\/p>\n<p><strong>Onun rahle-i tedrisat\u0131nda<\/strong><\/p>\n<p><strong>Cennete giden nurlu yolunda<\/strong><\/p>\n<p><strong>\u0130n\u015firah veren nurlu ir\u015fad\u0131nda<\/strong><\/p>\n<p><strong>Ruhum eridi k\u0131vama geldi<\/strong><\/p>\n<p><strong>Bana bende beni g\u00f6sterdi<\/strong><\/p>\n<p><strong>\u00a0<\/strong><\/p>\n<p><strong>\u0130nsan o insand\u0131<\/strong><\/p>\n<p><strong>O insan ne g\u00fczel insand\u0131.<\/strong><\/p>\n<hr \/>\n<blockquote><p><em>Hayrani (Abdullah \u00d6zt\u00fcrk) <\/em><\/p>\n<p><em>14\/10\/2011 Cuma<\/em><\/p><\/blockquote>\n","protected":false},"excerpt":{"rendered":"<p>&nbsp; Menfaatsiz sevmeyi B\u0131kmadan beklemeyi Korkmadan d\u00fc\u015f\u00fcnmeyi O g\u00fcnlerde \u00f6\u011frendik. \u00a0 G\u00fcnler o g\u00fcnlerdi O g\u00fcnler ne g\u00fczel g\u00fcnlerdi. \u00a0 A\u00e7 kal\u0131p sabretmeyi Yemeden beklemeyi Doymadan \u00e7ekilmeyi Sahurda sevinmeyi O aylarda \u00f6\u011frendik. \u00a0 Aylar o aylard\u0131 O aylar ne ho\u015f aylard\u0131. \u00a0 Karde\u015f\u00e7e payla\u015f\u0131rd\u0131k Nefisle sava\u015f\u0131rd\u0131k D\u00fc\u015feni kald\u0131r\u0131rd\u0131k Hak yolda bar\u0131\u015f\u0131rd\u0131k. \u00a0 Y\u0131llar o y\u0131llard\u0131&#8230;<\/p>\n","protected":false},"author":1,"featured_media":0,"parent":191,"menu_order":0,"comment_status":"open","ping_status":"open","template":"template-rightsidebar.php","meta":{"footnotes":""},"class_list":["post-375","page","type-page","status-publish","hentry"],"_links":{"self":[{"href":"https:\/\/suristan.net\/index.php?rest_route=\/wp\/v2\/pages\/375","targetHints":{"allow":["GET"]}}],"collection":[{"href":"https:\/\/suristan.net\/index.php?rest_route=\/wp\/v2\/pages"}],"about":[{"href":"https:\/\/suristan.net\/index.php?rest_route=\/wp\/v2\/types\/page"}],"author":[{"embeddable":true,"href":"https:\/\/suristan.net\/index.php?rest_route=\/wp\/v2\/users\/1"}],"replies":[{"embeddable":true,"href":"https:\/\/suristan.net\/index.php?rest_route=%2Fwp%2Fv2%2Fcomments&post=375"}],"version-history":[{"count":8,"href":"https:\/\/suristan.net\/index.php?rest_route=\/wp\/v2\/pages\/375\/revisions"}],"predecessor-version":[{"id":385,"href":"https:\/\/suristan.net\/index.php?rest_route=\/wp\/v2\/pages\/375\/revisions\/385"}],"up":[{"embeddable":true,"href":"https:\/\/suristan.net\/index.php?rest_route=\/wp\/v2\/pages\/191"}],"wp:attachment":[{"href":"https:\/\/suristan.net\/index.php?rest_route=%2Fwp%2Fv2%2Fmedia&parent=375"}],"curies":[{"name":"wp","href":"https:\/\/api.w.org\/{rel}","templated":true}]}}