

{"id":371,"date":"2012-12-03T14:29:53","date_gmt":"2012-12-03T12:29:53","guid":{"rendered":"http:\/\/www.suristan.net\/?page_id=371"},"modified":"2012-12-03T14:45:39","modified_gmt":"2012-12-03T12:45:39","slug":"hayraniyim","status":"publish","type":"page","link":"https:\/\/suristan.net\/?page_id=371","title":{"rendered":"HAYRAN\u0130Y\u0130M"},"content":{"rendered":"<p><strong>Ensemde hissettim kudretini<\/strong><\/p>\n<p><strong>Kalbimde g\u00f6rd\u00fcm \u015fefkatini<\/strong><\/p>\n<p><strong>Ruhuma yayd\u0131m v\u00fcs\u2019atini<\/strong><\/p>\n<p><strong>Akl\u0131ma yerle\u015ftirdim hikmetini<\/strong><\/p>\n<p><strong>Nefsimde tatt\u0131m rahmetini<\/strong><\/p>\n<p><strong>\u00a0<\/strong><\/p>\n<p><strong>Ya Kadir, Ya Rahim, Ya Vasi, Ya Hakim, Ya Rahman.<\/strong><\/p>\n<p><strong>\u00a0<\/strong><\/p>\n<p><strong>Sanat\u0131na kar\u015f\u0131 seyraniyim Ya Rab<\/strong><\/p>\n<p><strong>Kudretine kar\u015f\u0131 turabiyim Ya Rab<\/strong><\/p>\n<p><strong>Varl\u0131\u011f\u0131n kar\u015f\u0131s\u0131nda fena fillah\u0131m Ya Hak<\/strong><\/p>\n<p><strong>Cemalindeki ihti\u015fama hayraniyim Ya Hak.<\/strong><\/p>\n<p>&nbsp;<\/p>\n<blockquote><p><em>Hayrani (Abdullah \u00d6zt\u00fcrk)<\/em><\/p>\n<p><em>2011<\/em><\/p><\/blockquote>\n","protected":false},"excerpt":{"rendered":"<p>Ensemde hissettim kudretini Kalbimde g\u00f6rd\u00fcm \u015fefkatini Ruhuma yayd\u0131m v\u00fcs\u2019atini Akl\u0131ma yerle\u015ftirdim hikmetini Nefsimde tatt\u0131m rahmetini \u00a0 Ya Kadir, Ya Rahim, Ya Vasi, Ya Hakim, Ya Rahman. \u00a0 Sanat\u0131na kar\u015f\u0131 seyraniyim Ya Rab Kudretine kar\u015f\u0131 turabiyim Ya Rab Varl\u0131\u011f\u0131n kar\u015f\u0131s\u0131nda fena fillah\u0131m Ya Hak Cemalindeki ihti\u015fama hayraniyim Ya Hak. &nbsp; Hayrani (Abdullah \u00d6zt\u00fcrk) 2011<\/p>\n","protected":false},"author":1,"featured_media":0,"parent":191,"menu_order":0,"comment_status":"open","ping_status":"open","template":"template-rightsidebar.php","meta":{"footnotes":""},"class_list":["post-371","page","type-page","status-publish","hentry"],"_links":{"self":[{"href":"https:\/\/suristan.net\/index.php?rest_route=\/wp\/v2\/pages\/371","targetHints":{"allow":["GET"]}}],"collection":[{"href":"https:\/\/suristan.net\/index.php?rest_route=\/wp\/v2\/pages"}],"about":[{"href":"https:\/\/suristan.net\/index.php?rest_route=\/wp\/v2\/types\/page"}],"author":[{"embeddable":true,"href":"https:\/\/suristan.net\/index.php?rest_route=\/wp\/v2\/users\/1"}],"replies":[{"embeddable":true,"href":"https:\/\/suristan.net\/index.php?rest_route=%2Fwp%2Fv2%2Fcomments&post=371"}],"version-history":[{"count":5,"href":"https:\/\/suristan.net\/index.php?rest_route=\/wp\/v2\/pages\/371\/revisions"}],"predecessor-version":[{"id":388,"href":"https:\/\/suristan.net\/index.php?rest_route=\/wp\/v2\/pages\/371\/revisions\/388"}],"up":[{"embeddable":true,"href":"https:\/\/suristan.net\/index.php?rest_route=\/wp\/v2\/pages\/191"}],"wp:attachment":[{"href":"https:\/\/suristan.net\/index.php?rest_route=%2Fwp%2Fv2%2Fmedia&parent=371"}],"curies":[{"name":"wp","href":"https:\/\/api.w.org\/{rel}","templated":true}]}}