

{"id":191,"date":"2012-12-02T18:46:18","date_gmt":"2012-12-02T16:46:18","guid":{"rendered":"http:\/\/www.suristan.net\/?page_id=191"},"modified":"2012-12-03T20:55:57","modified_gmt":"2012-12-03T18:55:57","slug":"siirler","status":"publish","type":"page","link":"https:\/\/suristan.net\/?page_id=191","title":{"rendered":"\u015e\u0130\u0130RLER"},"content":{"rendered":"<h2><span style=\"color: #808080;\">Bu \u015fiirler<\/span><\/h2>\n<h2><span style=\"color: #808080;\">Hayrani <span style=\"color: #333333;\">Abdullah \u00d6zt\u00fcrk<\/span>&#8216;\u00fcn<\/span><\/h2>\n<h2><span style=\"color: #808080;\"><span style=\"color: #333333;\">YOL<\/span> isimli kitab\u0131ndan al\u0131nm\u0131\u015ft\u0131r.<\/span><\/h2>\n<p><span style=\"color: #333333;\">\u00a0<\/span><\/p>\n<p>L\u00fctfen okumak istedi\u011finiz \u015fiiri se\u00e7in.<\/p>\n<p>&nbsp;<\/p>\n","protected":false},"excerpt":{"rendered":"<p>Bu \u015fiirler Hayrani Abdullah \u00d6zt\u00fcrk&#8216;\u00fcn YOL isimli kitab\u0131ndan al\u0131nm\u0131\u015ft\u0131r. \u00a0 L\u00fctfen okumak istedi\u011finiz \u015fiiri se\u00e7in. &nbsp;<\/p>\n","protected":false},"author":1,"featured_media":0,"parent":0,"menu_order":0,"comment_status":"closed","ping_status":"closed","template":"template-rightsidebar.php","meta":{"footnotes":""},"class_list":["post-191","page","type-page","status-publish","hentry"],"_links":{"self":[{"href":"https:\/\/suristan.net\/index.php?rest_route=\/wp\/v2\/pages\/191","targetHints":{"allow":["GET"]}}],"collection":[{"href":"https:\/\/suristan.net\/index.php?rest_route=\/wp\/v2\/pages"}],"about":[{"href":"https:\/\/suristan.net\/index.php?rest_route=\/wp\/v2\/types\/page"}],"author":[{"embeddable":true,"href":"https:\/\/suristan.net\/index.php?rest_route=\/wp\/v2\/users\/1"}],"replies":[{"embeddable":true,"href":"https:\/\/suristan.net\/index.php?rest_route=%2Fwp%2Fv2%2Fcomments&post=191"}],"version-history":[{"count":16,"href":"https:\/\/suristan.net\/index.php?rest_route=\/wp\/v2\/pages\/191\/revisions"}],"predecessor-version":[{"id":600,"href":"https:\/\/suristan.net\/index.php?rest_route=\/wp\/v2\/pages\/191\/revisions\/600"}],"wp:attachment":[{"href":"https:\/\/suristan.net\/index.php?rest_route=%2Fwp%2Fv2%2Fmedia&parent=191"}],"curies":[{"name":"wp","href":"https:\/\/api.w.org\/{rel}","templated":true}]}}