

{"id":185,"date":"2012-12-02T18:44:22","date_gmt":"2012-12-02T16:44:22","guid":{"rendered":"http:\/\/www.suristan.net\/?page_id=185"},"modified":"2015-02-07T21:12:28","modified_gmt":"2015-02-07T19:12:28","slug":"multimedya","status":"publish","type":"page","link":"https:\/\/suristan.net\/?page_id=185","title":{"rendered":"MULT\u0130MEDYA"},"content":{"rendered":"<table width=\"600\" border=\"0\">\n<tbody>\n<tr>\n<td><a href=\"http:\/\/www.suristan.net\/?page_id=187\" class=\"teaser_box\"><img decoding=\"async\" src=\"http:\/\/www.suristan.net\/wp-content\/uploads\/2012\/12\/enes.jpg\" alt=\"ANLARSIN \u2013 E. Ye\u015filda\u011f\"><span class=\"teaser_title\"><span class=\"teaser_title_inner\">ANLARSIN \u2013 E. Ye\u015filda\u011f<\/span><span class=\"teaser_more\">\u0130zle&#8230;<\/span><\/span><\/a><\/td>\n<td><a href=\"http:\/\/www.suristan.net\/?page_id=187\" class=\"teaser_box\"><img decoding=\"async\" src=\"http:\/\/www.suristan.net\/wp-content\/uploads\/2012\/12\/firat.jpg\" alt=\"O G\u00dcNLER - F. Aras\"><span class=\"teaser_title\"><span class=\"teaser_title_inner\">O G\u00dcNLER &#8211; F. Aras<\/span><span class=\"teaser_more\">\u0130zle&#8230;<\/span><\/span><\/a><\/td>\n<\/tr>\n<tr>\n<td><a href=\"http:\/\/www.suristan.net\/?page_id=189\" class=\"teaser_box\"><img decoding=\"async\" src=\"http:\/\/www.suristan.net\/wp-content\/uploads\/2012\/12\/resres.jpg\" alt=\"RES\u0130MLER\"><span class=\"teaser_title\"><span class=\"teaser_title_inner\">RES\u0130MLER<\/span><span class=\"teaser_more\">Galeri&#8230;<\/span><\/span><\/a><\/td>\n<td><a href=\"http:\/\/www.suristan.net\/?page_id=191\" class=\"teaser_box\"><img decoding=\"async\" src=\"http:\/\/www.suristan.net\/wp-content\/uploads\/2012\/12\/siir.jpg\" alt=\"\u015e\u0130\u0130RLER\"><span class=\"teaser_title\"><span class=\"teaser_title_inner\">\u015e\u0130\u0130RLER<\/span><span class=\"teaser_more\">Okuyun&#8230;<\/span><\/span><\/a><\/td>\n<\/tr>\n<\/tbody>\n<\/table>\n","protected":false},"excerpt":{"rendered":"","protected":false},"author":1,"featured_media":0,"parent":0,"menu_order":0,"comment_status":"closed","ping_status":"closed","template":"template-rightsidebar.php","meta":{"footnotes":""},"class_list":["post-185","page","type-page","status-publish","hentry"],"_links":{"self":[{"href":"https:\/\/suristan.net\/index.php?rest_route=\/wp\/v2\/pages\/185","targetHints":{"allow":["GET"]}}],"collection":[{"href":"https:\/\/suristan.net\/index.php?rest_route=\/wp\/v2\/pages"}],"about":[{"href":"https:\/\/suristan.net\/index.php?rest_route=\/wp\/v2\/types\/page"}],"author":[{"embeddable":true,"href":"https:\/\/suristan.net\/index.php?rest_route=\/wp\/v2\/users\/1"}],"replies":[{"embeddable":true,"href":"https:\/\/suristan.net\/index.php?rest_route=%2Fwp%2Fv2%2Fcomments&post=185"}],"version-history":[{"count":18,"href":"https:\/\/suristan.net\/index.php?rest_route=\/wp\/v2\/pages\/185\/revisions"}],"predecessor-version":[{"id":919,"href":"https:\/\/suristan.net\/index.php?rest_route=\/wp\/v2\/pages\/185\/revisions\/919"}],"wp:attachment":[{"href":"https:\/\/suristan.net\/index.php?rest_route=%2Fwp%2Fv2%2Fmedia&parent=185"}],"curies":[{"name":"wp","href":"https:\/\/api.w.org\/{rel}","templated":true}]}}