

{"id":13,"date":"2012-11-18T13:45:58","date_gmt":"2012-11-18T11:45:58","guid":{"rendered":"http:\/\/www.suristan.net\/?page_id=13"},"modified":"2019-06-16T02:48:22","modified_gmt":"2019-06-15T23:48:22","slug":"iletisim","status":"publish","type":"page","link":"https:\/\/suristan.net\/?page_id=13","title":{"rendered":"\u0130LET\u0130\u015e\u0130M"},"content":{"rendered":"<div class='one_half ' > [contact_form] <\/div>\n<h3>\u0130leti\u015fim Bilgileri<\/p>\n<p>ABDULLAH \u00d6ZT\u00dcRK<\/h3>\n<p>0507 410 82 49<br \/>\nabdullahozturk_tr@hotmail.com<br \/>\ninfo@suristan.net<br \/>\nsurkulliyati@gmail.com<br \/>\n<a href=\"https:\/\/www.facebook.com\/surislam\/\">https:\/\/www.facebook.com\/surislam\/<\/a><\/p>\n","protected":false},"excerpt":{"rendered":"<p>\u0130leti\u015fim Bilgileri ABDULLAH \u00d6ZT\u00dcRK 0507 410 82 49 abdullahozturk_tr@hotmail.com info@suristan.net surkulliyati@gmail.com https:\/\/www.facebook.com\/surislam\/<\/p>\n","protected":false},"author":1,"featured_media":0,"parent":0,"menu_order":0,"comment_status":"closed","ping_status":"open","template":"","meta":{"footnotes":""},"class_list":["post-13","page","type-page","status-publish","hentry"],"_links":{"self":[{"href":"https:\/\/suristan.net\/index.php?rest_route=\/wp\/v2\/pages\/13","targetHints":{"allow":["GET"]}}],"collection":[{"href":"https:\/\/suristan.net\/index.php?rest_route=\/wp\/v2\/pages"}],"about":[{"href":"https:\/\/suristan.net\/index.php?rest_route=\/wp\/v2\/types\/page"}],"author":[{"embeddable":true,"href":"https:\/\/suristan.net\/index.php?rest_route=\/wp\/v2\/users\/1"}],"replies":[{"embeddable":true,"href":"https:\/\/suristan.net\/index.php?rest_route=%2Fwp%2Fv2%2Fcomments&post=13"}],"version-history":[{"count":15,"href":"https:\/\/suristan.net\/index.php?rest_route=\/wp\/v2\/pages\/13\/revisions"}],"predecessor-version":[{"id":5375,"href":"https:\/\/suristan.net\/index.php?rest_route=\/wp\/v2\/pages\/13\/revisions\/5375"}],"wp:attachment":[{"href":"https:\/\/suristan.net\/index.php?rest_route=%2Fwp%2Fv2%2Fmedia&parent=13"}],"curies":[{"name":"wp","href":"https:\/\/api.w.org\/{rel}","templated":true}]}}